{"id":3,"date":"2024-08-31T15:45:28","date_gmt":"2024-08-31T15:45:28","guid":{"rendered":"http:\/\/shapeshock.com\/?page_id=3"},"modified":"2025-03-11T00:42:01","modified_gmt":"2025-03-10T23:42:01","slug":"privacybeleid","status":"publish","type":"page","link":"https:\/\/shapeshock.com\/fr\/privacybeleid\/","title":{"rendered":"Politique de confidentialit\u00e9"},"content":{"rendered":"<h2 class=\"wp-block-heading\"><strong>1. Bienvenue sur le site<\/strong><\/h2>\r\n<p>Vous visitez le site web de <strong>ShapeShock<\/strong>\u00e9tablie \u00e0 Tongres, dans le Limbourg (BE), sous le num\u00e9ro d'entreprise BE1002821137- <strong>https:\/\/shapeshock.com<\/strong><\/p>\r\n<p>Dans la pr\u00e9sente politique de confidentialit\u00e9, nous expliquons quelles informations personnelles nous collectons en tant que \"responsable du traitement\" et comment nous les utilisons et les partageons afin d'am\u00e9liorer nos services.<\/p>\r\n<hr class=\"wp-block-separator has-alpha-channel-opacity\" \/>\r\n<h2 class=\"wp-block-heading\"><strong>2. Donn\u00e9es \u00e0 caract\u00e8re personnel<\/strong><\/h2>\r\n<p>Les donn\u00e9es personnelles limit\u00e9es que nous d\u00e9tenons sont collect\u00e9es de la mani\u00e8re suivante :<\/p>\r\n<ul class=\"wp-block-list\">\r\n<li>Site web : lorsque vous visitez notre site web, certaines donn\u00e9es sont enregistr\u00e9es via des cookies (y compris votre adresse IP) afin de g\u00e9rer et d'am\u00e9liorer notre site web. Vous trouverez de plus amples informations sur ces cookies dans notre politique en mati\u00e8re de cookies ;<\/li>\r\n<li>Relations commerciales : lorsque vous nous contactez dans le cadre de nos services en tant que client ou partenaire (potentiel), nous traitons votre nom complet, vos coordonn\u00e9es (adresse \u00e9lectronique, num\u00e9ro de t\u00e9l\u00e9phone, adresse professionnelle et\/ou r\u00e9sidentielle) et d'autres donn\u00e9es n\u00e9cessaires \u00e0 la commande, \u00e0 la facturation ou \u00e0 la coop\u00e9ration (telles que vos coordonn\u00e9es bancaires, l'historique de vos contacts ou les donn\u00e9es relatives \u00e0 vos commandes ant\u00e9rieures) ;<\/li>\r\n<li>Marketing : si vous nous en donnez l'autorisation explicite, nous traiterons votre nom complet et votre adresse \u00e9lectronique pour vous envoyer du marketing direct, des bulletins d'information, des actions et des promotions concernant nos produits et services. Vous pouvez facilement vous d\u00e9sinscrire \u00e0 tout moment.<\/li>\r\n<\/ul>\r\n<p>Bien que vous ne soyez jamais oblig\u00e9 de divulguer des donn\u00e9es personnelles, un refus de communiquer les informations n\u00e9cessaires peut entraver ou rendre impossible la fourniture de nos services.<\/p>\r\n<hr class=\"wp-block-separator has-alpha-channel-opacity\" \/>\r\n<h2 class=\"wp-block-heading\"><strong>3. Finalit\u00e9s du traitement<\/strong><\/h2>\r\n<p>Nous traitons les donn\u00e9es \u00e0 caract\u00e8re personnel dans le cadre de la gestion g\u00e9n\u00e9rale des clients et des commandes, ou pour fournir nos services. Cela comprend l'administration des clients, le suivi des commandes et des livraisons, la facturation, la r\u00e9ponse aux questions, et \u00e0 des fins de marketing.<\/p>\r\n<p>Le traitement est effectu\u00e9 sur la base des cat\u00e9gories de motifs juridiques suivantes :<\/p>\r\n<ul class=\"wp-block-list\">\r\n<li>Sur la base de votre consentement ;<\/li>\r\n<li>De ce qui est n\u00e9cessaire \u00e0 l'ex\u00e9cution d'un contrat ;<\/li>\r\n<li>Si cela est n\u00e9cessaire pour se conformer \u00e0 une obligation l\u00e9gale ;<\/li>\r\n<li>Si cela est n\u00e9cessaire pour poursuivre nos int\u00e9r\u00eats l\u00e9gitimes dans la conduite des affaires.<\/li>\r\n<\/ul>\r\n<p>Dans la mesure o\u00f9 le traitement des donn\u00e9es \u00e0 caract\u00e8re personnel s'effectue sur la base de votre consentement explicite, vous avez toujours le droit de retirer le consentement que vous avez donn\u00e9.<\/p>\r\n<hr class=\"wp-block-separator has-alpha-channel-opacity\" \/>\r\n<h2 class=\"wp-block-heading\"><strong>4. Partage avec des tiers<\/strong><\/h2>\r\n<p>Si cela est n\u00e9cessaire pour atteindre les objectifs fix\u00e9s, nous pouvons partager des donn\u00e9es personnelles avec nos employ\u00e9s et nos partenaires professionnels. Nos partenaires prendront \u00e0 leur tour les mesures techniques et organisationnelles n\u00e9cessaires pour prot\u00e9ger ces donn\u00e9es \u00e0 caract\u00e8re personnel.<\/p>\r\n<p>Nous ne commercialiserons jamais vos donn\u00e9es personnelles \u00e0 des tiers. Toutefois, dans le cadre d'une r\u00e9organisation, d'une faillite ou d'un transfert d'activit\u00e9s, les donn\u00e9es qui font partie de nos activit\u00e9s commerciales peuvent \u00eatre transf\u00e9r\u00e9es \u00e0 des tiers.<\/p>\r\n<p>Dans des cas limit\u00e9s, nous pouvons \u00e9galement \u00eatre tenus de partager des donn\u00e9es \u00e0 caract\u00e8re personnel sur la base d'une d\u00e9cision de justice ou d'une l\u00e9gislation contraignante.<\/p>\r\n<hr class=\"wp-block-separator has-alpha-channel-opacity\" \/>\r\n<h2 class=\"wp-block-heading\"><strong>5. P\u00e9riode de conservation<\/strong><\/h2>\r\n<p>Nous conservons vos donn\u00e9es \u00e0 caract\u00e8re personnel aussi longtemps que n\u00e9cessaire pour les finalit\u00e9s pour lesquelles elles sont trait\u00e9es. Pour d\u00e9terminer la dur\u00e9e de conservation appropri\u00e9e, nous tenons compte de la quantit\u00e9, de la nature et de la sensibilit\u00e9 des donn\u00e9es \u00e0 caract\u00e8re personnel, de la raison pour laquelle nous les traitons et de la possibilit\u00e9 d'atteindre ces objectifs par d'autres moyens.<\/p>\r\n<p>Nous devons \u00e9galement tenir compte des p\u00e9riodes pendant lesquelles nous pourrions avoir besoin de conserver des donn\u00e9es \u00e0 caract\u00e8re personnel pour nous conformer \u00e0 nos obligations l\u00e9gales ou pour traiter des plaintes, des demandes et pour prot\u00e9ger nos droits l\u00e9gaux en cas de r\u00e9clamation.<\/p>\r\n<p>Lorsque nous n'avons plus besoin de vos donn\u00e9es personnelles, nous les supprimons ou les d\u00e9truisons en toute s\u00e9curit\u00e9. Nous examinons \u00e9galement comment nous pouvons r\u00e9duire les donn\u00e9es \u00e0 caract\u00e8re personnel que nous utilisons au fil du temps et si nous pouvons anonymiser vos donn\u00e9es \u00e0 caract\u00e8re personnel afin qu'elles ne puissent plus \u00eatre li\u00e9es \u00e0 vous ou vous identifier, auquel cas nous pouvons utiliser ces informations sans vous en avertir.<\/p>\r\n<hr class=\"wp-block-separator has-alpha-channel-opacity\" \/>\r\n<h2 class=\"wp-block-heading\"><strong>6. Vos droits<\/strong><\/h2>\r\n<p>Toute personne dont nous d\u00e9tenons les donn\u00e9es personnelles a toujours le droit de.. :<\/p>\r\n<ul class=\"wp-block-list\">\r\n<li>Acc\u00e9der \u00e0 leurs donn\u00e9es personnelles ;<\/li>\r\n<li>de faire rectifier ou compl\u00e9ter leurs donn\u00e9es personnelles si elles sont incorrectes ou incompl\u00e8tes ;<\/li>\r\n<li>faire effacer leurs donn\u00e9es personnelles ;<\/li>\r\n<li>faire restreindre le traitement de leurs donn\u00e9es personnelles ;<\/li>\r\n<li>s'opposer au traitement de leurs donn\u00e9es personnelles pour un motif s\u00e9rieux et l\u00e9gitime ;<\/li>\r\n<li>faire transf\u00e9rer leurs donn\u00e9es personnelles \u00e0 une autre entreprise.<\/li>\r\n<li>Pour exercer les droits susmentionn\u00e9s, veuillez nous contacter par courrier ou \u00e0 l'adresse suivante <a href=\"mailto:privacy@shapeshock.com\">privacy@shapeshock.com<\/a><\/li>\r\n<\/ul>\r\n<hr class=\"wp-block-separator has-alpha-channel-opacity\" \/>\r\n<h2 class=\"wp-block-heading\"><strong>7. Plaintes<\/strong><\/h2>\r\n<p>Si vous avez des commentaires ou des questions concernant notre politique de protection de la vie priv\u00e9e, nous serions ravis de les recevoir. N'h\u00e9sitez pas \u00e0 nous envoyer un courriel \u00e0 l'adresse suivante <a href=\"mailto:privacy@shapeshock.com\"><strong>privacy@shapeshock.com<\/strong><\/a>\u00a0et nous traiterons votre demande dans les plus brefs d\u00e9lais !<\/p>\r\n<p>Toute personne dont nous conservons les donn\u00e9es personnelles a \u00e9galement le droit d'introduire une plainte aupr\u00e8s de la Commission de la protection de la vie priv\u00e9e (Rue du Printing Press 35, 1000 Bruxelles, commission@privacycommission.be).<\/p>\r\n<hr class=\"wp-block-separator has-alpha-channel-opacity\" \/>\r\n<h2 class=\"wp-block-heading\"><strong>8. S\u00e9curit\u00e9<\/strong><\/h2>\r\n<p>Nous appliquons au moins les mesures de s\u00e9curit\u00e9 techniques et organisationnelles habituelles que l'on peut raisonnablement attendre de nous pour prot\u00e9ger vos donn\u00e9es \u00e0 caract\u00e8re personnel contre la destruction, la perte, l'alt\u00e9ration, la falsification, la diffusion ou l'acc\u00e8s non autoris\u00e9.<\/p>\r\n<p>Les donn\u00e9es personnelles ne seront transf\u00e9r\u00e9es \u00e0 un partenaire situ\u00e9 dans un pays en dehors de l'Espace \u00e9conomique europ\u00e9en que si ce pays garantit un niveau de protection ad\u00e9quat de vos donn\u00e9es personnelles. Avant de partager des donn\u00e9es personnelles avec un partenaire aux \u00c9tats-Unis d'Am\u00e9rique, nous exigeons un accord de traitement s\u00e9par\u00e9 ou une certification conform\u00e9ment au cadre du bouclier de protection de la vie priv\u00e9e (www.privacyshield.gov).<\/p>\r\n<p>Nous ne pouvons \u00eatre tenus responsables de l'utilisation incorrecte ou ill\u00e9gale des donn\u00e9es personnelles par un tiers. En outre, vous restez seul responsable de la confidentialit\u00e9 et de l'utilisation de votre ordinateur, de votre adresse IP, de vos donn\u00e9es de connexion et d'identification.<\/p>\r\n<hr class=\"wp-block-separator has-alpha-channel-opacity\" \/>\r\n<h2 class=\"wp-block-heading\"><strong>9. Votre vie priv\u00e9e<\/strong><\/h2>\r\n<p>Nous accordons une grande importance \u00e0 la protection de votre vie priv\u00e9e.<\/p>\r\n<p>Nous mettons donc tout en \u0153uvre pour les prot\u00e9ger autant que possible et attachons une grande importance au respect (i) de la loi du 8 d\u00e9cembre 1992 relative \u00e0 la protection de la vie priv\u00e9e \u00e0 l'\u00e9gard des traitements de donn\u00e9es \u00e0 caract\u00e8re personnel (telle que modifi\u00e9e par la loi du 11 d\u00e9cembre 1998, \" Loi sur le traitement des donn\u00e9es \u00e0 caract\u00e8re personnel \") ; (ii) des dispositions anti-spam du Livre XII du Code de droit \u00e9conomique relatif au droit de l'\u00e9conomie \u00e9lectronique ; et (iii) du R\u00e8glement europ\u00e9en 2016\/679 du 27 avril 2016 relatif \u00e0 la protection des donn\u00e9es \u00e0 caract\u00e8re personnel (\" R\u00e8glement g\u00e9n\u00e9ral sur la protection des donn\u00e9es \").<\/p>\r\n<hr class=\"wp-block-separator has-alpha-channel-opacity\" \/>\r\n<h2 class=\"wp-block-heading\"><strong>10. R\u00e9vision de la pr\u00e9sente politique de confidentialit\u00e9<\/strong><\/h2>\r\n<p>Notre politique de confidentialit\u00e9 peut \u00eatre r\u00e9vis\u00e9e de temps \u00e0 autre et toute modification de cette politique vous sera communiqu\u00e9e par courrier \u00e9lectronique ou par le biais d'une publication sur notre site web.<\/p>","protected":false},"excerpt":{"rendered":"<p>1. Welkom U bezoekt de website van ShapeShock, gevestigd te Tongeren, Limburg (BE), met ondernemingsnummer BE1002821137\u2014 https:\/\/shapeshock.com In dit Privacybeleid leggen we uit welke persoonlijke informatie wij als \u2018verwerkingsverantwoordelijke\u2019 verzamelen en hoe wij deze gebruiken en delen om onze dienstverlening te verbeteren. 2. Persoonsgegevens De beperkte persoonsgegevens die wij bewaren worden verzameld op de volgende [&hellip;]<\/p>","protected":false},"author":1,"featured_media":0,"parent":0,"menu_order":4,"comment_status":"closed","ping_status":"closed","template":"","meta":{"footnotes":""},"class_list":["post-3","page","type-page","status-publish","hentry"],"_links":{"self":[{"href":"https:\/\/shapeshock.com\/fr\/wp-json\/wp\/v2\/pages\/3","targetHints":{"allow":["GET"]}}],"collection":[{"href":"https:\/\/shapeshock.com\/fr\/wp-json\/wp\/v2\/pages"}],"about":[{"href":"https:\/\/shapeshock.com\/fr\/wp-json\/wp\/v2\/types\/page"}],"author":[{"embeddable":true,"href":"https:\/\/shapeshock.com\/fr\/wp-json\/wp\/v2\/users\/1"}],"replies":[{"embeddable":true,"href":"https:\/\/shapeshock.com\/fr\/wp-json\/wp\/v2\/comments?post=3"}],"version-history":[{"count":4,"href":"https:\/\/shapeshock.com\/fr\/wp-json\/wp\/v2\/pages\/3\/revisions"}],"predecessor-version":[{"id":404,"href":"https:\/\/shapeshock.com\/fr\/wp-json\/wp\/v2\/pages\/3\/revisions\/404"}],"wp:attachment":[{"href":"https:\/\/shapeshock.com\/fr\/wp-json\/wp\/v2\/media?parent=3"}],"curies":[{"name":"wp","href":"https:\/\/api.w.org\/{rel}","templated":true}]}}