{"id":1005,"date":"2025-03-11T00:10:27","date_gmt":"2025-03-10T23:10:27","guid":{"rendered":"https:\/\/shapeshock.com\/?page_id=1005"},"modified":"2025-03-11T00:41:59","modified_gmt":"2025-03-10T23:41:59","slug":"algemene-voorwaarden","status":"publish","type":"page","link":"https:\/\/shapeshock.com\/fr\/algemene-voorwaarden\/","title":{"rendered":"Conditions g\u00e9n\u00e9rales d'utilisation"},"content":{"rendered":"<p><strong>Conditions g\u00e9n\u00e9rales de ShapeShock<\/strong><\/p>\n<p><strong>1. Introduction<\/strong><\/p>\n<p>Les pr\u00e9sentes conditions g\u00e9n\u00e9rales s'appliquent \u00e0 tous les services et produits propos\u00e9s par ShapeShock. En utilisant notre site web ou nos services, vous acceptez ces conditions g\u00e9n\u00e9rales.<\/p>\n<p><strong>2. Informations sur l'entreprise<\/strong><\/p>\n<ul>\n<li><strong>Nom de l'entreprise<\/strong>: ShapeShock<\/li>\n<li><strong>Adresse \u00e9lectronique<\/strong>: <a href=\"mailto:info@shapeshock.com\">info@shapeshock.com<\/a><\/li>\n<li><strong>Num\u00e9ro de TVA<\/strong>: BE1002821137<\/li>\n<\/ul>\n<p><strong>3. D\u00e9finitions<\/strong><\/p>\n<ul>\n<li><strong>Client<\/strong>: Toute personne physique ou morale utilisant les services ou produits de ShapeShock.<\/li>\n<li><strong>Accord<\/strong>Le contrat d'assurance est un accord entre ShapeShock et le client concernant la fourniture de services ou de produits.<\/li>\n<\/ul>\n<p><strong>4. L'applicabilit\u00e9 de la loi<\/strong><\/p>\n<p>Les pr\u00e9sentes conditions g\u00e9n\u00e9rales s'appliquent \u00e0 chaque offre, devis et accord entre ShapeShock et le client, sauf accord \u00e9crit contraire.<\/p>\n<p><strong>5. Services et produits<\/strong><\/p>\n<p>ShapeShock propose les services et produits suivants :<\/p>\n<ul>\n<li><strong>Services<\/strong>: Traitements amincissants non invasifs utilisant une technologie laser avanc\u00e9e.<\/li>\n<li><strong>Produits<\/strong>Les soins de sant\u00e9 : des bons pour les soins, disponibles dans notre boutique en ligne.<\/li>\n<\/ul>\n<p><strong>6. Les prix<\/strong><\/p>\n<ul>\n<li>Tous les prix indiqu\u00e9s sont en euros et incluent la TVA.<\/li>\n<li>ShapeShock se r\u00e9serve le droit de modifier les prix. Les modifications de prix n'affectent pas les accords d\u00e9j\u00e0 conclus.<\/li>\n<\/ul>\n<p><strong>7. Conditions de paiement<\/strong><\/p>\n<p>Le paiement doit \u00eatre effectu\u00e9 int\u00e9gralement et \u00e0 l'avance par l'une des m\u00e9thodes suivantes :<\/p>\n<ul>\n<li><strong>En ligne<\/strong>Pour plus d'informations, veuillez consulter notre syst\u00e8me de r\u00e9servation \u00e0 l'adresse suivante <a href=\"https:\/\/shapeshock.com\/fr\/\">shapeshock.com<\/a>.<\/li>\n<li><strong>Sur place<\/strong>: En esp\u00e8ces ou par terminal bancaire.<\/li>\n<li><strong>Virement bancaire<\/strong>Avant le traitement.<\/li>\n<\/ul>\n<p><strong>8. Annulation et modification des rendez-vous<\/strong><\/p>\n<ul>\n<li><strong>Annulation par le client<\/strong>: Les annulations doivent \u00eatre communiqu\u00e9es au moins 24 heures avant le rendez-vous. En cas d'annulation tardive, ShapeShock se r\u00e9serve le droit de facturer des frais.<\/li>\n<li><strong>Modification par ShapeShock<\/strong>ShapeShock se r\u00e9serve le droit de modifier ou d'annuler les rendez-vous en cas de force majeure. Dans ce cas, le client sera inform\u00e9 dans les plus brefs d\u00e9lais et un autre rendez-vous sera fix\u00e9.<\/li>\n<\/ul>\n<p><strong>9. Obligations du client<\/strong><\/p>\n<p>Le client doit :<\/p>\n<ul>\n<li>Fournir toutes les informations m\u00e9dicales et personnelles pertinentes susceptibles d'influer sur le traitement.<\/li>\n<li>Suivez les instructions et les conseils fournis par ShapeShock.<\/li>\n<li>S'abstenir de tout comportement susceptible d'entraver la mise en \u0153uvre du traitement.<\/li>\n<\/ul>\n<p><strong>10. Garantie de r\u00e9sultat<\/strong><\/p>\n<p>ShapeShock vise une r\u00e9duction de 2 \u00e0 8 cm de la circonf\u00e9rence totale apr\u00e8s un traitement. Si ce r\u00e9sultat n'est pas atteint, le client a droit \u00e0 un remboursement int\u00e9gral dans les 30 jours. Cette garantie est valable une seule fois par client.<\/p>\n<p><strong>11. Responsabilit\u00e9<\/strong><\/p>\n<p>ShapeShock n'est pas responsable :<\/p>\n<ul>\n<li>Les dommages r\u00e9sultant d'informations incorrectes ou incompl\u00e8tes fournies par le client.<\/li>\n<li>les dommages indirects, y compris les dommages cons\u00e9cutifs, le manque \u00e0 gagner ou les dommages immat\u00e9riels.<\/li>\n<\/ul>\n<p>La responsabilit\u00e9 de ShapeShock est dans tous les cas limit\u00e9e au montant pay\u00e9 pour le service ou le produit en question.<\/p>\n<p><strong>12. Propri\u00e9t\u00e9 intellectuelle<\/strong><\/p>\n<p>Tous les droits de propri\u00e9t\u00e9 intellectuelle relatifs aux services et produits fournis par ShapeShock appartiennent \u00e0 ShapeShock. Sans autorisation \u00e9crite, il est interdit de les utiliser, de les copier ou de les divulguer.<\/p>\n<p><strong>13. Protection de la vie priv\u00e9e<\/strong><\/p>\n<p>ShapeShock traite les donn\u00e9es \u00e0 caract\u00e8re personnel conform\u00e9ment aux lois applicables en mati\u00e8re de protection de la vie priv\u00e9e. Pour plus d'informations, veuillez consulter notre <a href=\"https:\/\/shapeshock.com\/fr\/privacy\/\">Politique de confidentialit\u00e9<\/a>.<\/p>\n<p><strong>14. Droit applicable et litiges<\/strong><\/p>\n<p>Les pr\u00e9sentes conditions g\u00e9n\u00e9rales sont r\u00e9gies par le droit belge. Les litiges seront soumis au juge comp\u00e9tent de l'arrondissement o\u00f9 ShapeShock a son si\u00e8ge.<\/p>\n<p><strong>15. Modifications des conditions g\u00e9n\u00e9rales<\/strong><\/p>\n<p>ShapeShock se r\u00e9serve le droit de modifier les pr\u00e9sentes conditions g\u00e9n\u00e9rales. Les modifications seront annonc\u00e9es sur notre site web au moins 30 jours avant leur entr\u00e9e en vigueur. Si le client n'accepte pas les modifications, il a le droit de r\u00e9silier le contrat jusqu'\u00e0 la date d'entr\u00e9e en vigueur des nouvelles conditions g\u00e9n\u00e9rales.<\/p>\n<p><strong>16. Coordonn\u00e9es de la personne \u00e0 contacter<\/strong><\/p>\n<p>Pour toute question ou commentaire concernant les pr\u00e9sentes conditions g\u00e9n\u00e9rales, veuillez contacter ShapeShock \u00e0 l'adresse suivante<\/p>\n<ul>\n<li><strong>Adresse \u00e9lectronique<\/strong>: <a href=\"mailto:info@shapeshock.com\">info@shapeshock.com<\/a><\/li>\n<\/ul>\n<p>En utilisant nos services et produits, vous confirmez que vous avez lu, compris et accept\u00e9 les pr\u00e9sentes conditions g\u00e9n\u00e9rales.<\/p>","protected":false},"excerpt":{"rendered":"<p>Algemene Voorwaarden van ShapeShock 1. Inleiding Deze Algemene Voorwaarden zijn van toepassing op alle diensten en producten aangeboden door ShapeShock. Door gebruik te maken van onze website of diensten, gaat u akkoord met deze voorwaarden. 2. Bedrijfsinformatie Bedrijfsnaam: ShapeShock E-mailadres: info@shapeshock.com BTW-nummer: BE1002821137 3. Definities Klant: Iedere natuurlijke of rechtspersoon die gebruikmaakt van de diensten [&hellip;]<\/p>","protected":false},"author":1,"featured_media":0,"parent":0,"menu_order":3,"comment_status":"closed","ping_status":"closed","template":"","meta":{"footnotes":""},"class_list":["post-1005","page","type-page","status-publish","hentry"],"_links":{"self":[{"href":"https:\/\/shapeshock.com\/fr\/wp-json\/wp\/v2\/pages\/1005","targetHints":{"allow":["GET"]}}],"collection":[{"href":"https:\/\/shapeshock.com\/fr\/wp-json\/wp\/v2\/pages"}],"about":[{"href":"https:\/\/shapeshock.com\/fr\/wp-json\/wp\/v2\/types\/page"}],"author":[{"embeddable":true,"href":"https:\/\/shapeshock.com\/fr\/wp-json\/wp\/v2\/users\/1"}],"replies":[{"embeddable":true,"href":"https:\/\/shapeshock.com\/fr\/wp-json\/wp\/v2\/comments?post=1005"}],"version-history":[{"count":1,"href":"https:\/\/shapeshock.com\/fr\/wp-json\/wp\/v2\/pages\/1005\/revisions"}],"predecessor-version":[{"id":1006,"href":"https:\/\/shapeshock.com\/fr\/wp-json\/wp\/v2\/pages\/1005\/revisions\/1006"}],"wp:attachment":[{"href":"https:\/\/shapeshock.com\/fr\/wp-json\/wp\/v2\/media?parent=1005"}],"curies":[{"name":"wp","href":"https:\/\/api.w.org\/{rel}","templated":true}]}}