{"id":3,"date":"2024-08-31T15:45:28","date_gmt":"2024-08-31T15:45:28","guid":{"rendered":"http:\/\/shapeshock.com\/?page_id=3"},"modified":"2025-03-11T00:42:01","modified_gmt":"2025-03-10T23:42:01","slug":"privacybeleid","status":"publish","type":"page","link":"https:\/\/shapeshock.com\/de\/privacybeleid\/","title":{"rendered":"Datenschutzbestimmungen"},"content":{"rendered":"<h2 class=\"wp-block-heading\"><strong>1. Willkommen<\/strong><\/h2>\r\n<p>Sie besuchen die Website von <strong>ShapeShock<\/strong>mit Sitz in Tongeren, Limburg (BE), unter der Firmennummer BE1002821137- <strong>https:\/\/shapeshock.com<\/strong><\/p>\r\n<p>In dieser Datenschutzrichtlinie erl\u00e4utern wir, welche personenbezogenen Daten wir als \"Verantwortlicher\" erfassen und wie wir sie nutzen und weitergeben, um unsere Dienstleistungen zu verbessern.<\/p>\r\n<hr class=\"wp-block-separator has-alpha-channel-opacity\" \/>\r\n<h2 class=\"wp-block-heading\"><strong>2. Pers\u00f6nliche Daten<\/strong><\/h2>\r\n<p>Die begrenzten personenbezogenen Daten, \u00fcber die wir verf\u00fcgen, werden auf folgende Weise erhoben:<\/p>\r\n<ul class=\"wp-block-list\">\r\n<li>Website: Wenn Sie unsere Website besuchen, werden bestimmte Daten \u00fcber Cookies (einschlie\u00dflich Ihrer IP-Adresse) gespeichert, um unsere Website zu pflegen und zu verbessern. Weitere Informationen zu diesen Cookies finden Sie in unserer separaten Cookie-Richtlinie;<\/li>\r\n<li>Gesch\u00e4ftsbeziehung: Wenn Sie sich im Rahmen unserer Dienstleistungen als (potenzieller) Kunde oder Partner an uns wenden, verarbeiten wir Ihren vollst\u00e4ndigen Namen, Ihre Kontaktdaten (E-Mail-Adresse, Telefonnummer, B\u00fcro- und\/oder Wohnanschrift) und andere Daten, die f\u00fcr die Bestellung, Rechnungsstellung oder Zusammenarbeit erforderlich sind (z. B. Ihre Bankverbindung, Kontakthistorie oder Daten im Zusammenhang mit Ihren fr\u00fcheren Bestellungen);<\/li>\r\n<li>Marketing: Wenn Sie uns Ihre ausdr\u00fcckliche Erlaubnis erteilen, werden wir Ihren vollst\u00e4ndigen Namen und Ihre E-Mail-Adresse verarbeiten, um Ihnen Direktmarketing, Newsletter, Aktionen und Werbung f\u00fcr unsere Produkte und Dienstleistungen zuzusenden. Sie k\u00f6nnen sich jederzeit einfach wieder abmelden.<\/li>\r\n<\/ul>\r\n<p>Obwohl Sie niemals verpflichtet sind, personenbezogene Daten preiszugeben, kann die Verweigerung der \u00dcbermittlung notwendiger Informationen die Erbringung unserer Dienstleistungen behindern oder unm\u00f6glich machen.<\/p>\r\n<hr class=\"wp-block-separator has-alpha-channel-opacity\" \/>\r\n<h2 class=\"wp-block-heading\"><strong>3. Verarbeitungszwecke<\/strong><\/h2>\r\n<p>Wir verarbeiten personenbezogene Daten im Rahmen unserer allgemeinen Kunden- und Auftragsverwaltung oder zur Erbringung unserer Dienstleistungen. Dazu geh\u00f6ren die Kundenverwaltung, die Nachverfolgung von Bestellungen und Lieferungen, die Rechnungsstellung, die Beantwortung von Anfragen und f\u00fcr Marketingzwecke.<\/p>\r\n<p>Die Verarbeitung erfolgt aus den folgenden Kategorien von Rechtsgr\u00fcnden:<\/p>\r\n<ul class=\"wp-block-list\">\r\n<li>Auf der Grundlage Ihrer Zustimmung;<\/li>\r\n<li>Von f\u00fcr die Erf\u00fcllung eines Vertrages erforderlich;<\/li>\r\n<li>Wenn dies zur Erf\u00fcllung einer rechtlichen Verpflichtung erforderlich ist;<\/li>\r\n<li>Wenn dies zur Verfolgung unserer berechtigten Interessen zur Aus\u00fcbung unserer Gesch\u00e4ftst\u00e4tigkeit erforderlich ist.<\/li>\r\n<\/ul>\r\n<p>Soweit die Verarbeitung personenbezogener Daten auf der Grundlage Ihrer ausdr\u00fccklichen Einwilligung erfolgt, haben Sie jederzeit das Recht, die erteilte Einwilligung zu widerrufen.<\/p>\r\n<hr class=\"wp-block-separator has-alpha-channel-opacity\" \/>\r\n<h2 class=\"wp-block-heading\"><strong>4. Weitergabe an Dritte<\/strong><\/h2>\r\n<p>Wenn es f\u00fcr die Erreichung der vordefinierten Zwecke erforderlich ist, k\u00f6nnen wir personenbezogene Daten an Mitarbeiter und unsere professionellen Partner weitergeben. Unsere Partner werden ihrerseits die erforderlichen technischen und organisatorischen Ma\u00dfnahmen zum Schutz dieser personenbezogenen Daten ergreifen<\/p>\r\n<p>Wir werden Ihre personenbezogenen Daten niemals an Dritte weitergeben. Im Rahmen einer Umstrukturierung, eines Konkurses oder eines Betriebs\u00fcbergangs k\u00f6nnen jedoch Daten, die zu unseren Gesch\u00e4ftsaktivit\u00e4ten geh\u00f6ren, an Dritte weitergegeben werden.<\/p>\r\n<p>In begrenzten F\u00e4llen k\u00f6nnen wir auch verpflichtet sein, personenbezogene Daten auf der Grundlage eines Gerichtsbeschlusses oder zwingender Rechtsvorschriften weiterzugeben.<\/p>\r\n<hr class=\"wp-block-separator has-alpha-channel-opacity\" \/>\r\n<h2 class=\"wp-block-heading\"><strong>5. Aufbewahrungsfrist<\/strong><\/h2>\r\n<p>Wir bewahren Ihre personenbezogenen Daten so lange auf, wie es f\u00fcr die Zwecke, f\u00fcr die sie verarbeitet werden, erforderlich ist. Bei der Bestimmung der angemessenen Aufbewahrungsfrist ber\u00fccksichtigen wir die Menge, die Art und die Sensibilit\u00e4t der personenbezogenen Daten, den Grund, f\u00fcr den wir sie verarbeiten, und die Frage, ob wir diese Zwecke auf andere Weise erreichen k\u00f6nnen.<\/p>\r\n<p>Wir sollten auch die Zeitr\u00e4ume ber\u00fccksichtigen, in denen wir personenbezogene Daten aufbewahren m\u00fcssen, um unseren rechtlichen Verpflichtungen nachzukommen oder um Beschwerden und Anfragen zu bearbeiten und unsere Rechte im Falle einer Klage zu sch\u00fctzen.<\/p>\r\n<p>Wenn wir Ihre personenbezogenen Daten nicht mehr ben\u00f6tigen, werden wir sie sicher l\u00f6schen oder vernichten. Wir pr\u00fcfen auch, wie wir die Zahl der von uns verwendeten personenbezogenen Daten im Laufe der Zeit verringern k\u00f6nnen und ob wir Ihre personenbezogenen Daten anonymisieren k\u00f6nnen, so dass sie nicht mehr mit Ihnen in Verbindung gebracht oder identifiziert werden k\u00f6nnen, so dass wir diese Informationen ohne weitere Mitteilung an Sie verwenden k\u00f6nnen.<\/p>\r\n<hr class=\"wp-block-separator has-alpha-channel-opacity\" \/>\r\n<h2 class=\"wp-block-heading\"><strong>6. Deine Rechte<\/strong><\/h2>\r\n<p>Alle Personen, deren personenbezogene Daten bei uns gespeichert sind, haben stets das Recht darauf:<\/p>\r\n<ul class=\"wp-block-list\">\r\n<li>Zugang zu ihren pers\u00f6nlichen Daten;<\/li>\r\n<li>ihre personenbezogenen Daten berichtigen oder vervollst\u00e4ndigen zu lassen, wenn sie falsch oder unvollst\u00e4ndig sind;<\/li>\r\n<li>ihre pers\u00f6nlichen Daten l\u00f6schen lassen;<\/li>\r\n<li>die Verarbeitung ihrer personenbezogenen Daten einschr\u00e4nken lassen;<\/li>\r\n<li>sich aus einem schwerwiegenden und berechtigten Grund gegen die Verarbeitung ihrer personenbezogenen Daten aussprechen;<\/li>\r\n<li>Ihre pers\u00f6nlichen Daten an ein anderes Unternehmen weitergeben lassen.<\/li>\r\n<li>Um die oben genannten Rechte auszu\u00fcben, kontaktieren Sie uns bitte per Post oder unter <a href=\"mailto:privacy@shapeshock.com\">privacy@shapeshock.com<\/a><\/li>\r\n<\/ul>\r\n<hr class=\"wp-block-separator has-alpha-channel-opacity\" \/>\r\n<h2 class=\"wp-block-heading\"><strong>7. Beanstandungen<\/strong><\/h2>\r\n<p>Wenn Sie Kommentare oder Fragen zu unserer Datenschutzpolitik haben, w\u00fcrden wir uns freuen, von Ihnen zu h\u00f6ren. Sie k\u00f6nnen uns gerne eine E-Mail schicken an <a href=\"mailto:privacy@shapeshock.com\"><strong>privacy@shapeshock.com<\/strong><\/a>\u00a0und wir werden uns so schnell wie m\u00f6glich um Ihre Anfrage k\u00fcmmern!<\/p>\r\n<p>Alle Personen, \u00fcber deren personenbezogene Daten wir verf\u00fcgen, haben au\u00dferdem das Recht, eine Beschwerde bei der Kommission f\u00fcr den Schutz der Privatsph\u00e4re (Rue du Printing Press 35, 1000 Br\u00fcssel, commission@privacycommission.be) einzureichen.<\/p>\r\n<hr class=\"wp-block-separator has-alpha-channel-opacity\" \/>\r\n<h2 class=\"wp-block-heading\"><strong>8. Sicherheit<\/strong><\/h2>\r\n<p>Wir treffen zumindest die \u00fcblichen technischen und organisatorischen Sicherheitsma\u00dfnahmen, die vern\u00fcnftigerweise von uns erwartet werden k\u00f6nnen, um Ihre personenbezogenen Daten vor Zerst\u00f6rung, Verlust, Ver\u00e4nderung, Verf\u00e4lschung, Verbreitung oder unberechtigtem Zugriff zu sch\u00fctzen.<\/p>\r\n<p>Personenbezogene Daten werden nur dann an einen Partner in einem Land au\u00dferhalb des Europ\u00e4ischen Wirtschaftsraums \u00fcbermittelt, wenn dieses Land ein angemessenes Schutzniveau f\u00fcr Ihre personenbezogenen Daten gew\u00e4hrleistet. Bevor wir personenbezogene Daten an einen Partner in den Vereinigten Staaten von Amerika weitergeben, ben\u00f6tigen wir eine gesonderte Verarbeitungsvereinbarung oder eine Zertifizierung gem\u00e4\u00df dem Privacy Shield Framework (www.privacyshield.gov).<\/p>\r\n<p>Wir k\u00f6nnen nicht f\u00fcr eine falsche oder unrechtm\u00e4\u00dfige Verwendung personenbezogener Daten durch Dritte haftbar gemacht werden. Dar\u00fcber hinaus bleiben Sie allein verantwortlich f\u00fcr die Vertraulichkeit und die Verwendung Ihres Computers, Ihrer IP-Adresse, Ihrer Login- und Identifikationsdaten.<\/p>\r\n<hr class=\"wp-block-separator has-alpha-channel-opacity\" \/>\r\n<h2 class=\"wp-block-heading\"><strong>9. Ihre Privatsph\u00e4re<\/strong><\/h2>\r\n<p>Ihre Privatsph\u00e4re ist uns wichtig.<\/p>\r\n<p>Wir bem\u00fchen uns daher, sie so gut wie m\u00f6glich zu sch\u00fctzen und legen gro\u00dfen Wert auf die Einhaltung (i) des Gesetzes vom 8. Dezember 1992 \u00fcber den Schutz der Privatsph\u00e4re bei der Verarbeitung personenbezogener Daten (ge\u00e4ndert durch das Gesetz vom 11. Dezember 1998, \"Gesetz \u00fcber die Verarbeitung personenbezogener Daten\"), (ii) der Anti-Spam-Bestimmungen des Buches XII des Wirtschaftsgesetzbuches zum Recht der elektronischen Wirtschaft und (iii) der europ\u00e4ischen Verordnung 2016\/679 vom 27. April 2016 \u00fcber den Schutz personenbezogener Daten (\"Allgemeine Datenschutzverordnung\").<\/p>\r\n<hr class=\"wp-block-separator has-alpha-channel-opacity\" \/>\r\n<h2 class=\"wp-block-heading\"><strong>10. \u00dcberpr\u00fcfung dieser Datenschutzrichtlinie<\/strong><\/h2>\r\n<p>Unsere Datenschutzrichtlinie kann von Zeit zu Zeit \u00fcberarbeitet werden, und alle \u00c4nderungen der Richtlinie werden Ihnen per E-Mail oder durch eine Ver\u00f6ffentlichung auf unserer Website mitgeteilt.<\/p>","protected":false},"excerpt":{"rendered":"<p>1. Welkom U bezoekt de website van ShapeShock, gevestigd te Tongeren, Limburg (BE), met ondernemingsnummer BE1002821137\u2014 https:\/\/shapeshock.com In dit Privacybeleid leggen we uit welke persoonlijke informatie wij als \u2018verwerkingsverantwoordelijke\u2019 verzamelen en hoe wij deze gebruiken en delen om onze dienstverlening te verbeteren. 2. Persoonsgegevens De beperkte persoonsgegevens die wij bewaren worden verzameld op de volgende [&hellip;]<\/p>","protected":false},"author":1,"featured_media":0,"parent":0,"menu_order":4,"comment_status":"closed","ping_status":"closed","template":"","meta":{"footnotes":""},"class_list":["post-3","page","type-page","status-publish","hentry"],"_links":{"self":[{"href":"https:\/\/shapeshock.com\/de\/wp-json\/wp\/v2\/pages\/3","targetHints":{"allow":["GET"]}}],"collection":[{"href":"https:\/\/shapeshock.com\/de\/wp-json\/wp\/v2\/pages"}],"about":[{"href":"https:\/\/shapeshock.com\/de\/wp-json\/wp\/v2\/types\/page"}],"author":[{"embeddable":true,"href":"https:\/\/shapeshock.com\/de\/wp-json\/wp\/v2\/users\/1"}],"replies":[{"embeddable":true,"href":"https:\/\/shapeshock.com\/de\/wp-json\/wp\/v2\/comments?post=3"}],"version-history":[{"count":4,"href":"https:\/\/shapeshock.com\/de\/wp-json\/wp\/v2\/pages\/3\/revisions"}],"predecessor-version":[{"id":404,"href":"https:\/\/shapeshock.com\/de\/wp-json\/wp\/v2\/pages\/3\/revisions\/404"}],"wp:attachment":[{"href":"https:\/\/shapeshock.com\/de\/wp-json\/wp\/v2\/media?parent=3"}],"curies":[{"name":"wp","href":"https:\/\/api.w.org\/{rel}","templated":true}]}}