{"id":1005,"date":"2025-03-11T00:10:27","date_gmt":"2025-03-10T23:10:27","guid":{"rendered":"https:\/\/shapeshock.com\/?page_id=1005"},"modified":"2025-03-11T00:41:59","modified_gmt":"2025-03-10T23:41:59","slug":"algemene-voorwaarden","status":"publish","type":"page","link":"https:\/\/shapeshock.com\/de\/algemene-voorwaarden\/","title":{"rendered":"Allgemeine Bedingungen und Konditionen"},"content":{"rendered":"<p><strong>Allgemeine Gesch\u00e4ftsbedingungen von ShapeShock<\/strong><\/p>\n<p><strong>1. Einleitung<\/strong><\/p>\n<p>Diese Allgemeinen Gesch\u00e4ftsbedingungen gelten f\u00fcr alle von ShapeShock angebotenen Dienstleistungen und Produkte. Durch die Nutzung unserer Website oder unserer Dienstleistungen erkl\u00e4ren Sie sich mit diesen Bedingungen und Konditionen einverstanden.<\/p>\n<p><strong>2. Informationen zum Unternehmen<\/strong><\/p>\n<ul>\n<li><strong>Name des Unternehmens<\/strong>: ShapeShock<\/li>\n<li><strong>E-Mail Adresse<\/strong>: <a href=\"mailto:info@shapeshock.com\">info@shapeshock.com<\/a><\/li>\n<li><strong>Umsatzsteueridentifikationsnummer<\/strong>: BE1002821137<\/li>\n<\/ul>\n<p><strong>3. Begriffsbestimmungen<\/strong><\/p>\n<ul>\n<li><strong>Kunde<\/strong>: Jede nat\u00fcrliche oder juristische Person, die die Dienstleistungen oder Produkte von ShapeShock nutzt.<\/li>\n<li><strong>Vereinbarung<\/strong>Jede Vereinbarung zwischen ShapeShock und dem Kunden \u00fcber die Bereitstellung von Dienstleistungen oder Produkten.<\/li>\n<\/ul>\n<p><strong>4. Anwendbarkeit<\/strong><\/p>\n<p>Diese Allgemeinen Gesch\u00e4ftsbedingungen gelten f\u00fcr jedes Angebot, jeden Kostenvoranschlag und jeden Vertrag zwischen ShapeShock und dem Kunden, sofern nicht schriftlich etwas anderes vereinbart wurde.<\/p>\n<p><strong>5. Dienstleistungen und Produkte<\/strong><\/p>\n<p>ShapeShock bietet die folgenden Dienstleistungen und Produkte an:<\/p>\n<ul>\n<li><strong>Dienstleistungen<\/strong>: Nicht-invasive Schlankheitsbehandlungen mit fortschrittlicher Lasertechnologie.<\/li>\n<li><strong>Produkte<\/strong>: Gutscheine f\u00fcr Behandlungen, erh\u00e4ltlich in unserem Webshop.<\/li>\n<\/ul>\n<p><strong>6. Preise<\/strong><\/p>\n<ul>\n<li>Alle Preise sind in Euro angegeben und enthalten die Mehrwertsteuer.<\/li>\n<li>ShapeShock beh\u00e4lt sich das Recht vor, Preise zu \u00e4ndern. Preis\u00e4nderungen haben keinen Einfluss auf bereits abgeschlossene Vertr\u00e4ge.<\/li>\n<\/ul>\n<p><strong>7. Zahlungsbedingungen<\/strong><\/p>\n<p>Die Zahlung muss vollst\u00e4ndig und im Voraus auf eine der folgenden Arten erfolgen:<\/p>\n<ul>\n<li><strong>Online<\/strong>: \u00dcber unser Buchungssystem unter <a href=\"https:\/\/shapeshock.com\/de\/\">shapeshock.com<\/a>.<\/li>\n<li><strong>Vor Ort<\/strong>: Bar oder per Bankterminal.<\/li>\n<li><strong>Bank\u00fcberweisung<\/strong>: Vor der Behandlung.<\/li>\n<\/ul>\n<p><strong>8. Annullierung und \u00c4nderung von Terminen<\/strong><\/p>\n<ul>\n<li><strong>Stornierung durch den Kunden<\/strong>: Stornierungen sollten mindestens 24 Stunden vor dem Termin mitgeteilt werden. Im Falle einer versp\u00e4teten Absage beh\u00e4lt sich ShapeShock das Recht vor, eine Geb\u00fchr zu erheben.<\/li>\n<li><strong>Modifizierung durch ShapeShock<\/strong>ShapeShock beh\u00e4lt sich das Recht vor, Termine in F\u00e4llen h\u00f6herer Gewalt zu \u00e4ndern oder abzusagen. In solchen F\u00e4llen wird der Kunde so schnell wie m\u00f6glich informiert und ein Ersatztermin wird vereinbart.<\/li>\n<\/ul>\n<p><strong>9. Verpflichtungen des Kunden<\/strong><\/p>\n<p>Der Kunde ist verpflichtet:<\/p>\n<ul>\n<li>Geben Sie alle relevanten medizinischen und pers\u00f6nlichen Informationen an, die die Behandlung beeinflussen k\u00f6nnen.<\/li>\n<li>Befolgen Sie die Anweisungen und Ratschl\u00e4ge von ShapeShock.<\/li>\n<li>Unterlassen Sie Verhaltensweisen, die die Durchf\u00fchrung der Behandlung beeintr\u00e4chtigen k\u00f6nnten.<\/li>\n<\/ul>\n<p><strong>10. Ergebnis Garantie<\/strong><\/p>\n<p>ShapeShock strebt nach einer Behandlung eine Verringerung des Gesamtumfangs um 2 bis 8 cm an. Wenn dieses Ergebnis nicht erreicht wird, hat der Kunde innerhalb von 30 Tagen Anspruch auf eine vollst\u00e4ndige R\u00fcckerstattung. Diese Garantie gilt einmalig pro Kunde.<\/p>\n<p><strong>11. Haftung<\/strong><\/p>\n<p>ShapeShock ist nicht haftbar f\u00fcr:<\/p>\n<ul>\n<li>Sch\u00e4den, die sich aus falschen oder unvollst\u00e4ndigen Angaben des Kunden ergeben.<\/li>\n<li>Indirekte Sch\u00e4den, einschlie\u00dflich Folgesch\u00e4den, entgangener Gewinne oder immaterieller Sch\u00e4den.<\/li>\n<\/ul>\n<p>Die Haftung von ShapeShock ist in allen F\u00e4llen auf den Betrag beschr\u00e4nkt, der f\u00fcr die betreffende Dienstleistung oder das betreffende Produkt bezahlt wurde.<\/p>\n<p><strong>12. Geistiges Eigentum<\/strong><\/p>\n<p>Alle geistigen Eigentumsrechte in Bezug auf die von ShapeShock bereitgestellten Dienstleistungen und Produkte sind Eigentum von ShapeShock. Ohne schriftliche Genehmigung ist es nicht erlaubt, sie zu verwenden, zu kopieren oder weiterzugeben.<\/p>\n<p><strong>13. Datenschutz<\/strong><\/p>\n<p>ShapeShock verarbeitet personenbezogene Daten in \u00dcbereinstimmung mit den geltenden Datenschutzgesetzen. Weitere Informationen finden Sie in unserer <a href=\"https:\/\/shapeshock.com\/de\/privacy\/\">Datenschutzbestimmungen<\/a>.<\/p>\n<p><strong>14. Anwendbares Recht und Streitigkeiten<\/strong><\/p>\n<p>Die vorliegenden Allgemeinen Gesch\u00e4ftsbedingungen unterliegen dem belgischen Recht. Rechtsstreitigkeiten werden dem zust\u00e4ndigen Richter des Bezirks vorgelegt, in dem ShapeShock seinen Sitz hat.<\/p>\n<p><strong>15. \u00c4nderungen der Allgemeinen Gesch\u00e4ftsbedingungen<\/strong><\/p>\n<p>ShapeShock beh\u00e4lt sich das Recht vor, diese Allgemeinen Gesch\u00e4ftsbedingungen zu \u00e4ndern. Die \u00c4nderungen werden mindestens 30 Tage vor ihrem Inkrafttreten auf unserer Website bekannt gegeben. Wenn der Kunde mit den \u00c4nderungen nicht einverstanden ist, hat er das Recht, den Vertrag bis zum Datum des Inkrafttretens der neuen Bedingungen zu k\u00fcndigen.<\/p>\n<p><strong>16. Kontaktangaben<\/strong><\/p>\n<p>Bei Fragen oder Anmerkungen zu diesen Gesch\u00e4ftsbedingungen wenden Sie sich bitte an ShapeShock:<\/p>\n<ul>\n<li><strong>E-Mail Adresse<\/strong>: <a href=\"mailto:info@shapeshock.com\">info@shapeshock.com<\/a><\/li>\n<\/ul>\n<p>Durch die Nutzung unserer Dienstleistungen und Produkte best\u00e4tigen Sie, dass Sie diese Allgemeinen Gesch\u00e4ftsbedingungen gelesen und verstanden haben und ihnen zustimmen.<\/p>","protected":false},"excerpt":{"rendered":"<p>Algemene Voorwaarden van ShapeShock 1. Inleiding Deze Algemene Voorwaarden zijn van toepassing op alle diensten en producten aangeboden door ShapeShock. Door gebruik te maken van onze website of diensten, gaat u akkoord met deze voorwaarden. 2. Bedrijfsinformatie Bedrijfsnaam: ShapeShock E-mailadres: info@shapeshock.com BTW-nummer: BE1002821137 3. Definities Klant: Iedere natuurlijke of rechtspersoon die gebruikmaakt van de diensten [&hellip;]<\/p>","protected":false},"author":1,"featured_media":0,"parent":0,"menu_order":3,"comment_status":"closed","ping_status":"closed","template":"","meta":{"footnotes":""},"class_list":["post-1005","page","type-page","status-publish","hentry"],"_links":{"self":[{"href":"https:\/\/shapeshock.com\/de\/wp-json\/wp\/v2\/pages\/1005","targetHints":{"allow":["GET"]}}],"collection":[{"href":"https:\/\/shapeshock.com\/de\/wp-json\/wp\/v2\/pages"}],"about":[{"href":"https:\/\/shapeshock.com\/de\/wp-json\/wp\/v2\/types\/page"}],"author":[{"embeddable":true,"href":"https:\/\/shapeshock.com\/de\/wp-json\/wp\/v2\/users\/1"}],"replies":[{"embeddable":true,"href":"https:\/\/shapeshock.com\/de\/wp-json\/wp\/v2\/comments?post=1005"}],"version-history":[{"count":1,"href":"https:\/\/shapeshock.com\/de\/wp-json\/wp\/v2\/pages\/1005\/revisions"}],"predecessor-version":[{"id":1006,"href":"https:\/\/shapeshock.com\/de\/wp-json\/wp\/v2\/pages\/1005\/revisions\/1006"}],"wp:attachment":[{"href":"https:\/\/shapeshock.com\/de\/wp-json\/wp\/v2\/media?parent=1005"}],"curies":[{"name":"wp","href":"https:\/\/api.w.org\/{rel}","templated":true}]}}